{"id":1226,"date":"2025-10-24T13:11:32","date_gmt":"2025-10-24T13:11:32","guid":{"rendered":"https:\/\/centergomma.com\/?page_id=1226"},"modified":"2025-10-24T13:26:51","modified_gmt":"2025-10-24T13:26:51","slug":"whistleblowing","status":"publish","type":"page","link":"https:\/\/centergomma.com\/en\/whistleblowing\/","title":{"rendered":"WHISTLEBLOWING"},"content":{"rendered":"<div data-elementor-type=\"wp-page\" data-elementor-id=\"1226\" class=\"elementor elementor-1226\" data-elementor-post-type=\"page\">\n\t\t\t\t<div class=\"elementor-element elementor-element-7c2da4b e-con-full e-flex e-con e-parent\" data-id=\"7c2da4b\" data-element_type=\"container\" data-e-type=\"container\">\n\t\t\t\t<div class=\"elementor-element elementor-element-c35020d elementor-widget elementor-widget-heading\" data-id=\"c35020d\" data-element_type=\"widget\" data-e-type=\"widget\" data-widget_type=\"heading.default\">\n\t\t\t\t<div class=\"elementor-widget-container\">\n\t\t\t\t\t<h2 class=\"elementor-heading-title elementor-size-default\">WHISTLEBLOWING<\/h2>\t\t\t\t<\/div>\n\t\t\t\t<\/div>\n\t\t\t\t<div class=\"elementor-element elementor-element-329f1b7 elementor-widget elementor-widget-text-editor\" data-id=\"329f1b7\" data-element_type=\"widget\" data-e-type=\"widget\" data-widget_type=\"text-editor.default\">\n\t\t\t\t<div class=\"elementor-widget-container\">\n\t\t\t\t\t\t\t\t\t<p>Gestione delle Segnalazioni<\/p>\t\t\t\t\t\t\t\t<\/div>\n\t\t\t\t<\/div>\n\t\t\t\t<div class=\"elementor-element elementor-element-3f4a5d3 elementor-widget elementor-widget-text-editor\" data-id=\"3f4a5d3\" data-element_type=\"widget\" data-e-type=\"widget\" data-widget_type=\"text-editor.default\">\n\t\t\t\t<div class=\"elementor-widget-container\">\n\t\t\t\t\t\t\t\t\t<p>Assicuriamo la ricezione, gestione, analisi e trattamento delle segnalazioni, anche anonime, in osservanza di quanto previsto dalla Direttiva (UE) 2019\/1937 e dalla relativa legge di recepimento, il D.lgs. 24\/2023.<\/p><p><strong>Definizione<\/strong><\/p><p>Con l\u2019espressione \u201c<em>Whistleblower<\/em>\u201d si fa riferimento al soggetto che segnala violazioni, irregolarit\u00e0 o illeciti commessi ai danni dell\u2019interesse pubblico e aziendale agli organi legittimati ad intervenire.<\/p><p>Nello specifico, le violazioni che possono essere segnalate ai sensi del D.lgs. 24\/2023, c.d. <em>\u201cDecreto Whistleblowing\u201d<\/em> devono avere ad oggetto comportamenti, atti od omissioni che ledono l\u2019interesse pubblico o l\u2019integrit\u00e0 dell\u2019azienda, di cui il Segnalante sia venuto a conoscenza nel contesto lavorativo, ai sensi dell\u2019art. 3, co. 2, lett. a), ovvero:<\/p><p>Violazioni del diritto dell\u2019UE (es. sicurezza dei trasporti; tutela dell&#8217;ambiente; protezione dei consumatori; tutela della vita privata e protezione dei dati personali e sicurezza delle reti e dei sistemi informativi; ecc.\u2026).<\/p><p>La segnalazione (cd. <em>\u201cWhistleblowing\u201d<\/em>), in tale ottica, \u00e8 un atto di manifestazione di senso civico, attraverso cui il Whistleblower contribuisce all\u2019emersione e alla prevenzione di rischi e situazioni pregiudizievoli.<\/p><p><strong>Scopo<\/strong><\/p><p>Lo scopo principale del Whistleblowing \u00e8 quello di prevenire o risolvere un problema internamente e tempestivamente.<\/p><p>\u00c8 garantita la massima riservatezza sui soggetti e sui fatti segnalati, nonch\u00e9 sull\u2019identit\u00e0 dei segnalanti, affinch\u00e9 chi effettua la segnalazione non sia soggetto ad alcuna forma di ritorsione.<\/p><p><strong>Modalit\u00e0<\/strong><\/p><p>Le segnalazioni possono essere inviate attraverso una apposita Piattaforma \u2013 idonea a garantire, con modalit\u00e0 informatiche, la riservatezza dell&#8217;identit\u00e0 del segnalante \u2013 disponibile al seguente link:<\/p>\t\t\t\t\t\t\t\t<\/div>\n\t\t\t\t<\/div>\n\t\t\t\t<div class=\"elementor-element elementor-element-8ac486d elementor-align-center elementor-widget elementor-widget-button\" data-id=\"8ac486d\" data-element_type=\"widget\" data-e-type=\"widget\" data-widget_type=\"button.default\">\n\t\t\t\t<div class=\"elementor-widget-container\">\n\t\t\t\t\t\t\t\t\t<div class=\"elementor-button-wrapper\">\n\t\t\t\t\t<a class=\"elementor-button elementor-button-link elementor-size-sm\" href=\"https:\/\/soluzioni-azienda.trusty.report\/\" target=\"_blank\" title=\"Invia una Segnalazione\">\n\t\t\t\t\t\t<span class=\"elementor-button-content-wrapper\">\n\t\t\t\t\t\t<span class=\"elementor-button-icon\">\n\t\t\t\t<svg aria-hidden=\"true\" class=\"e-font-icon-svg e-fas-external-link-alt\" viewbox=\"0 0 512 512\" xmlns=\"http:\/\/www.w3.org\/2000\/svg\"><path d=\"M432,320H400a16,16,0,0,0-16,16V448H64V128H208a16,16,0,0,0,16-16V80a16,16,0,0,0-16-16H48A48,48,0,0,0,0,112V464a48,48,0,0,0,48,48H400a48,48,0,0,0,48-48V336A16,16,0,0,0,432,320ZM488,0h-128c-21.37,0-32.05,25.91-17,41l35.73,35.73L135,320.37a24,24,0,0,0,0,34L157.67,377a24,24,0,0,0,34,0L435.28,133.32,471,169c15,15,41,4.5,41-17V24A24,24,0,0,0,488,0Z\"><\/path><\/svg>\t\t\t<\/span>\n\t\t\t\t\t\t\t\t\t<span class=\"elementor-button-text\">INVIA UNA SEGNALAZIONE<\/span>\n\t\t\t\t\t<\/span>\n\t\t\t\t\t<\/a>\n\t\t\t\t<\/div>\n\t\t\t\t\t\t\t\t<\/div>\n\t\t\t\t<\/div>\n\t\t\t\t<div class=\"elementor-element elementor-element-663a807 elementor-widget elementor-widget-text-editor\" data-id=\"663a807\" data-element_type=\"widget\" data-e-type=\"widget\" data-widget_type=\"text-editor.default\">\n\t\t\t\t<div class=\"elementor-widget-container\">\n\t\t\t\t\t\t\t\t\t<p>Tale canale \u00e8 considerato preferenziale e idoneo a garantire, con modalit\u00e0 informatiche, la riservatezza dell&#8217;identit\u00e0 del segnalante.<\/p><p>Le segnalazioni saranno gestite dalla Societ\u00e0 Soluzioni Srl-Societa\u2019 Benefit, che mette a disposizioni personale e professionisti dotati di autonomia e specificatamente formati alla gestione delle segnalazioni.<\/p><p>Si ricorda che, in alternativa, \u00e8 possibile inviare la segnalazione anche attraverso i seguenti canali:<\/p><ul><li>Telefonando al <strong>5311894 <\/strong><\/li><li>Inviando segnalazione o richiedendo un appuntamento presso la sede aziendale in via 1\u00b0 Maggio 50, Ancona (AN)<\/li><\/ul><p>Fermo l\u2019utilizzo preferenziale dei canali di segnalazione messi a disposizione, nei casi tassativamente indicati ai sensi dell\u2019art. 6 del D.lgs. 24 del 10 marzo 2023, \u00e8 possibile effettuare una segnalazione anche all\u2019autorit\u00e0 competente in materia (ANAC).<\/p><p>Per maggiori informazioni, anche su cosa \u00e8 possibile segnalare, si invita a leggere la Procedura Whistleblowing:<\/p>\t\t\t\t\t\t\t\t<\/div>\n\t\t\t\t<\/div>\n\t\t\t\t<div class=\"elementor-element elementor-element-e1df779 elementor-align-center elementor-widget elementor-widget-button\" data-id=\"e1df779\" data-element_type=\"widget\" data-e-type=\"widget\" data-widget_type=\"button.default\">\n\t\t\t\t<div class=\"elementor-widget-container\">\n\t\t\t\t\t\t\t\t\t<div class=\"elementor-button-wrapper\">\n\t\t\t\t\t<a class=\"elementor-button elementor-button-link elementor-size-sm\" href=\"https:\/\/centergomma.com\/wp-content\/uploads\/PROCEDURA-WHISTLEBLOWING-Center-Gomma_rev.1.pdf\" target=\"_blank\" title=\"Procedura Wistleblowing\">\n\t\t\t\t\t\t<span class=\"elementor-button-content-wrapper\">\n\t\t\t\t\t\t<span class=\"elementor-button-icon\">\n\t\t\t\t<svg aria-hidden=\"true\" class=\"e-font-icon-svg e-far-file-pdf\" viewbox=\"0 0 384 512\" xmlns=\"http:\/\/www.w3.org\/2000\/svg\"><path d=\"M369.9 97.9L286 14C277 5 264.8-.1 252.1-.1H48C21.5 0 0 21.5 0 48v416c0 26.5 21.5 48 48 48h288c26.5 0 48-21.5 48-48V131.9c0-12.7-5.1-25-14.1-34zM332.1 128H256V51.9l76.1 76.1zM48 464V48h160v104c0 13.3 10.7 24 24 24h104v288H48zm250.2-143.7c-12.2-12-47-8.7-64.4-6.5-17.2-10.5-28.7-25-36.8-46.3 3.9-16.1 10.1-40.6 5.4-56-4.2-26.2-37.8-23.6-42.6-5.9-4.4 16.1-.4 38.5 7 67.1-10 23.9-24.9 56-35.4 74.4-20 10.3-47 26.2-51 46.2-3.3 15.8 26 55.2 76.1-31.2 22.4-7.4 46.8-16.5 68.4-20.1 18.9 10.2 41 17 55.8 17 25.5 0 28-28.2 17.5-38.7zm-198.1 77.8c5.1-13.7 24.5-29.5 30.4-35-19 30.3-30.4 35.7-30.4 35zm81.6-190.6c7.4 0 6.7 32.1 1.8 40.8-4.4-13.9-4.3-40.8-1.8-40.8zm-24.4 136.6c9.7-16.9 18-37 24.7-54.7 8.3 15.1 18.9 27.2 30.1 35.5-20.8 4.3-38.9 13.1-54.8 19.2zm131.6-5s-5 6-37.3-7.8c35.1-2.6 40.9 5.4 37.3 7.8z\"><\/path><\/svg>\t\t\t<\/span>\n\t\t\t\t\t\t\t\t\t<span class=\"elementor-button-text\">Procedura Whistleblowing<\/span>\n\t\t\t\t\t<\/span>\n\t\t\t\t\t<\/a>\n\t\t\t\t<\/div>\n\t\t\t\t\t\t\t\t<\/div>\n\t\t\t\t<\/div>\n\t\t\t\t<div class=\"elementor-element elementor-element-efb37a6 elementor-widget elementor-widget-text-editor\" data-id=\"efb37a6\" data-element_type=\"widget\" data-e-type=\"widget\" data-widget_type=\"text-editor.default\">\n\t\t\t\t<div class=\"elementor-widget-container\">\n\t\t\t\t\t\t\t\t\t<p>Le informazioni e i dati personali che vengono comunicati nel contesto delle segnalazioni sono trattati per gestire e dare seguito alle segnalazioni stesse, nonch\u00e9 indagare le eventuali condotte segnalate e adottare le misure necessarie in conformit\u00e0 con le leggi applicabili, inclusa la normativa in materia di protezione dei dati personali. Per maggiori informazioni sulle modalit\u00e0 e finalit\u00e0 del trattamento dei dati personali inclusi nelle segnalazioni e raccolti durante la procedura, Vi invitiamo a consultare l\u2019informativa sul trattamento dei dati dei Segnalanti, dei segnalati o di altri soggetti terzi coinvolti disponibile al seguente link:<\/p>\t\t\t\t\t\t\t\t<\/div>\n\t\t\t\t<\/div>\n\t\t\t\t<div class=\"elementor-element elementor-element-214b696 elementor-align-center elementor-widget elementor-widget-button\" data-id=\"214b696\" data-element_type=\"widget\" data-e-type=\"widget\" data-widget_type=\"button.default\">\n\t\t\t\t<div class=\"elementor-widget-container\">\n\t\t\t\t\t\t\t\t\t<div class=\"elementor-button-wrapper\">\n\t\t\t\t\t<a class=\"elementor-button elementor-button-link elementor-size-sm\" href=\"https:\/\/centergomma.com\/wp-content\/uploads\/Informativa-Privacy-Wistleblowing-center-gomma_rev.1.pdf\" target=\"_blank\" title=\"Informativa Privacy Whistleblowing\">\n\t\t\t\t\t\t<span class=\"elementor-button-content-wrapper\">\n\t\t\t\t\t\t<span class=\"elementor-button-icon\">\n\t\t\t\t<svg aria-hidden=\"true\" class=\"e-font-icon-svg e-far-file-pdf\" viewbox=\"0 0 384 512\" xmlns=\"http:\/\/www.w3.org\/2000\/svg\"><path d=\"M369.9 97.9L286 14C277 5 264.8-.1 252.1-.1H48C21.5 0 0 21.5 0 48v416c0 26.5 21.5 48 48 48h288c26.5 0 48-21.5 48-48V131.9c0-12.7-5.1-25-14.1-34zM332.1 128H256V51.9l76.1 76.1zM48 464V48h160v104c0 13.3 10.7 24 24 24h104v288H48zm250.2-143.7c-12.2-12-47-8.7-64.4-6.5-17.2-10.5-28.7-25-36.8-46.3 3.9-16.1 10.1-40.6 5.4-56-4.2-26.2-37.8-23.6-42.6-5.9-4.4 16.1-.4 38.5 7 67.1-10 23.9-24.9 56-35.4 74.4-20 10.3-47 26.2-51 46.2-3.3 15.8 26 55.2 76.1-31.2 22.4-7.4 46.8-16.5 68.4-20.1 18.9 10.2 41 17 55.8 17 25.5 0 28-28.2 17.5-38.7zm-198.1 77.8c5.1-13.7 24.5-29.5 30.4-35-19 30.3-30.4 35.7-30.4 35zm81.6-190.6c7.4 0 6.7 32.1 1.8 40.8-4.4-13.9-4.3-40.8-1.8-40.8zm-24.4 136.6c9.7-16.9 18-37 24.7-54.7 8.3 15.1 18.9 27.2 30.1 35.5-20.8 4.3-38.9 13.1-54.8 19.2zm131.6-5s-5 6-37.3-7.8c35.1-2.6 40.9 5.4 37.3 7.8z\"><\/path><\/svg>\t\t\t<\/span>\n\t\t\t\t\t\t\t\t\t<span class=\"elementor-button-text\">Informativa privacy Whistleblowing<\/span>\n\t\t\t\t\t<\/span>\n\t\t\t\t\t<\/a>\n\t\t\t\t<\/div>\n\t\t\t\t\t\t\t\t<\/div>\n\t\t\t\t<\/div>\n\t\t\t\t<\/div>\n\t\t\t\t<\/div>","protected":false},"excerpt":{"rendered":"<p>WHISTLEBLOWING Gestione delle Segnalazioni Assicuriamo la ricezione, gestione, analisi e trattamento delle segnalazioni, anche anonime, in osservanza di quanto previsto dalla Direttiva (UE) 2019\/1937 e dalla relativa legge di recepimento, il D.lgs. 24\/2023. Definizione Con l\u2019espressione \u201cWhistleblower\u201d si fa riferimento al soggetto che segnala violazioni, irregolarit\u00e0 o illeciti commessi ai danni dell\u2019interesse pubblico e aziendale [&hellip;]<\/p>\n","protected":false},"author":1,"featured_media":0,"parent":0,"menu_order":0,"comment_status":"closed","ping_status":"closed","template":"","meta":{"footnotes":""},"class_list":["post-1226","page","type-page","status-publish","hentry"],"blocksy_meta":[],"yoast_head":"<!-- This site is optimized with the Yoast SEO plugin v27.3 - https:\/\/yoast.com\/product\/yoast-seo-wordpress\/ -->\n<title>WHISTLEBLOWING | Center Gomma<\/title>\n<meta name=\"robots\" content=\"index, follow, max-snippet:-1, max-image-preview:large, max-video-preview:-1\" \/>\n<link rel=\"canonical\" href=\"https:\/\/centergomma.com\/en\/whistleblowing\/\" \/>\n<meta property=\"og:locale\" content=\"en_GB\" \/>\n<meta property=\"og:type\" content=\"article\" \/>\n<meta property=\"og:title\" content=\"WHISTLEBLOWING | Center Gomma\" \/>\n<meta property=\"og:description\" content=\"WHISTLEBLOWING Gestione delle Segnalazioni Assicuriamo la ricezione, gestione, analisi e trattamento delle segnalazioni, anche anonime, in osservanza di quanto previsto dalla Direttiva (UE) 2019\/1937 e dalla relativa legge di recepimento, il D.lgs. 24\/2023. Definizione Con l\u2019espressione \u201cWhistleblower\u201d si fa riferimento al soggetto che segnala violazioni, irregolarit\u00e0 o illeciti commessi ai danni dell\u2019interesse pubblico e aziendale [&hellip;]\" \/>\n<meta property=\"og:url\" content=\"https:\/\/centergomma.com\/en\/whistleblowing\/\" \/>\n<meta property=\"og:site_name\" content=\"Center Gomma\" \/>\n<meta property=\"article:modified_time\" content=\"2025-10-24T13:26:51+00:00\" \/>\n<meta name=\"twitter:card\" content=\"summary_large_image\" \/>\n<meta name=\"twitter:label1\" content=\"Estimated reading time\" \/>\n\t<meta name=\"twitter:data1\" content=\"3 minutes\" \/>\n<script type=\"application\/ld+json\" class=\"yoast-schema-graph\">{\"@context\":\"https:\\\/\\\/schema.org\",\"@graph\":[{\"@type\":\"WebPage\",\"@id\":\"https:\\\/\\\/centergomma.com\\\/whistleblowing\\\/\",\"url\":\"https:\\\/\\\/centergomma.com\\\/whistleblowing\\\/\",\"name\":\"WHISTLEBLOWING | Center Gomma\",\"isPartOf\":{\"@id\":\"https:\\\/\\\/centergomma.com\\\/#website\"},\"datePublished\":\"2025-10-24T13:11:32+00:00\",\"dateModified\":\"2025-10-24T13:26:51+00:00\",\"breadcrumb\":{\"@id\":\"https:\\\/\\\/centergomma.com\\\/whistleblowing\\\/#breadcrumb\"},\"inLanguage\":\"en-GB\",\"potentialAction\":[{\"@type\":\"ReadAction\",\"target\":[\"https:\\\/\\\/centergomma.com\\\/whistleblowing\\\/\"]}]},{\"@type\":\"BreadcrumbList\",\"@id\":\"https:\\\/\\\/centergomma.com\\\/whistleblowing\\\/#breadcrumb\",\"itemListElement\":[{\"@type\":\"ListItem\",\"position\":1,\"name\":\"Home\",\"item\":\"https:\\\/\\\/centergomma.com\\\/\"},{\"@type\":\"ListItem\",\"position\":2,\"name\":\"WHISTLEBLOWING\"}]},{\"@type\":\"WebSite\",\"@id\":\"https:\\\/\\\/centergomma.com\\\/#website\",\"url\":\"https:\\\/\\\/centergomma.com\\\/\",\"name\":\"Center Gomma\",\"description\":\"\",\"publisher\":{\"@id\":\"https:\\\/\\\/centergomma.com\\\/#organization\"},\"potentialAction\":[{\"@type\":\"SearchAction\",\"target\":{\"@type\":\"EntryPoint\",\"urlTemplate\":\"https:\\\/\\\/centergomma.com\\\/?s={search_term_string}\"},\"query-input\":{\"@type\":\"PropertyValueSpecification\",\"valueRequired\":true,\"valueName\":\"search_term_string\"}}],\"inLanguage\":\"en-GB\"},{\"@type\":\"Organization\",\"@id\":\"https:\\\/\\\/centergomma.com\\\/#organization\",\"name\":\"Center Gomma\",\"url\":\"https:\\\/\\\/centergomma.com\\\/\",\"logo\":{\"@type\":\"ImageObject\",\"inLanguage\":\"en-GB\",\"@id\":\"https:\\\/\\\/centergomma.com\\\/#\\\/schema\\\/logo\\\/image\\\/\",\"url\":\"https:\\\/\\\/centergomma.com\\\/wp-content\\\/uploads\\\/Senza-titolo-1.png\",\"contentUrl\":\"https:\\\/\\\/centergomma.com\\\/wp-content\\\/uploads\\\/Senza-titolo-1.png\",\"width\":455,\"height\":71,\"caption\":\"Center Gomma\"},\"image\":{\"@id\":\"https:\\\/\\\/centergomma.com\\\/#\\\/schema\\\/logo\\\/image\\\/\"}}]}<\/script>\n<!-- \/ Yoast SEO plugin. -->","yoast_head_json":{"title":"WHISTLEBLOWING | Center Gomma","robots":{"index":"index","follow":"follow","max-snippet":"max-snippet:-1","max-image-preview":"max-image-preview:large","max-video-preview":"max-video-preview:-1"},"canonical":"https:\/\/centergomma.com\/en\/whistleblowing\/","og_locale":"en_GB","og_type":"article","og_title":"WHISTLEBLOWING | Center Gomma","og_description":"WHISTLEBLOWING Gestione delle Segnalazioni Assicuriamo la ricezione, gestione, analisi e trattamento delle segnalazioni, anche anonime, in osservanza di quanto previsto dalla Direttiva (UE) 2019\/1937 e dalla relativa legge di recepimento, il D.lgs. 24\/2023. Definizione Con l\u2019espressione \u201cWhistleblower\u201d si fa riferimento al soggetto che segnala violazioni, irregolarit\u00e0 o illeciti commessi ai danni dell\u2019interesse pubblico e aziendale [&hellip;]","og_url":"https:\/\/centergomma.com\/en\/whistleblowing\/","og_site_name":"Center Gomma","article_modified_time":"2025-10-24T13:26:51+00:00","twitter_card":"summary_large_image","twitter_misc":{"Estimated reading time":"3 minutes"},"schema":{"@context":"https:\/\/schema.org","@graph":[{"@type":"WebPage","@id":"https:\/\/centergomma.com\/whistleblowing\/","url":"https:\/\/centergomma.com\/whistleblowing\/","name":"WHISTLEBLOWING | Center Gomma","isPartOf":{"@id":"https:\/\/centergomma.com\/#website"},"datePublished":"2025-10-24T13:11:32+00:00","dateModified":"2025-10-24T13:26:51+00:00","breadcrumb":{"@id":"https:\/\/centergomma.com\/whistleblowing\/#breadcrumb"},"inLanguage":"en-GB","potentialAction":[{"@type":"ReadAction","target":["https:\/\/centergomma.com\/whistleblowing\/"]}]},{"@type":"BreadcrumbList","@id":"https:\/\/centergomma.com\/whistleblowing\/#breadcrumb","itemListElement":[{"@type":"ListItem","position":1,"name":"Home","item":"https:\/\/centergomma.com\/"},{"@type":"ListItem","position":2,"name":"WHISTLEBLOWING"}]},{"@type":"WebSite","@id":"https:\/\/centergomma.com\/#website","url":"https:\/\/centergomma.com\/","name":"Center Gomma","description":"","publisher":{"@id":"https:\/\/centergomma.com\/#organization"},"potentialAction":[{"@type":"SearchAction","target":{"@type":"EntryPoint","urlTemplate":"https:\/\/centergomma.com\/?s={search_term_string}"},"query-input":{"@type":"PropertyValueSpecification","valueRequired":true,"valueName":"search_term_string"}}],"inLanguage":"en-GB"},{"@type":"Organization","@id":"https:\/\/centergomma.com\/#organization","name":"Center Gomma","url":"https:\/\/centergomma.com\/","logo":{"@type":"ImageObject","inLanguage":"en-GB","@id":"https:\/\/centergomma.com\/#\/schema\/logo\/image\/","url":"https:\/\/centergomma.com\/wp-content\/uploads\/Senza-titolo-1.png","contentUrl":"https:\/\/centergomma.com\/wp-content\/uploads\/Senza-titolo-1.png","width":455,"height":71,"caption":"Center Gomma"},"image":{"@id":"https:\/\/centergomma.com\/#\/schema\/logo\/image\/"}}]}},"_links":{"self":[{"href":"https:\/\/centergomma.com\/en\/wp-json\/wp\/v2\/pages\/1226","targetHints":{"allow":["GET"]}}],"collection":[{"href":"https:\/\/centergomma.com\/en\/wp-json\/wp\/v2\/pages"}],"about":[{"href":"https:\/\/centergomma.com\/en\/wp-json\/wp\/v2\/types\/page"}],"author":[{"embeddable":true,"href":"https:\/\/centergomma.com\/en\/wp-json\/wp\/v2\/users\/1"}],"replies":[{"embeddable":true,"href":"https:\/\/centergomma.com\/en\/wp-json\/wp\/v2\/comments?post=1226"}],"version-history":[{"count":19,"href":"https:\/\/centergomma.com\/en\/wp-json\/wp\/v2\/pages\/1226\/revisions"}],"predecessor-version":[{"id":1248,"href":"https:\/\/centergomma.com\/en\/wp-json\/wp\/v2\/pages\/1226\/revisions\/1248"}],"wp:attachment":[{"href":"https:\/\/centergomma.com\/en\/wp-json\/wp\/v2\/media?parent=1226"}],"curies":[{"name":"wp","href":"https:\/\/api.w.org\/{rel}","templated":true}]}}